{"id":1812,"date":"2018-03-05T11:01:18","date_gmt":"2018-03-05T11:01:18","guid":{"rendered":"http:\/\/punamoon.ee\/?page_id=1812\/"},"modified":"2018-07-04T22:04:27","modified_gmt":"2018-07-04T22:04:27","slug":"sitemap","status":"publish","type":"page","link":"https:\/\/punamoon.ee\/en\/sitemap\/","title":{"rendered":"Sitemap"},"content":{"rendered":"<div class=\"wsp-container\"><h2 class=\"wsp-pages-title\">Pages<\/h2>\n<ul class=\"wsp-pages-list\">\n<li class=\"page_item page-item-796\"><a href=\"https:\/\/punamoon.ee\/en\/about-company\/\">About company<\/a><\/li>\n<li class=\"page_item page-item-819\"><a href=\"https:\/\/punamoon.ee\/en\/accounting-services\/\">Accounting Services<\/a><\/li>\n<li class=\"page_item page-item-1124\"><a href=\"https:\/\/punamoon.ee\/en\/blog\/\">Blog<\/a><\/li>\n<li class=\"page_item page-item-844\"><a href=\"https:\/\/punamoon.ee\/en\/contact\/\">Contact<\/a><\/li>\n<li class=\"page_item page-item-3861\"><a href=\"https:\/\/punamoon.ee\/en\/contact-person-and-legal-address-in-estonia\/\">Contact Person and Legal Address In Estonia<\/a><\/li>\n<li class=\"page_item page-item-808\"><a href=\"https:\/\/punamoon.ee\/en\/corporate-services\/\">Corporate Services<\/a><\/li>\n<li class=\"page_item page-item-948\"><a href=\"https:\/\/punamoon.ee\/en\/f-a-q\/\">FAQ<\/a><\/li>\n<li class=\"page_item page-item-790\"><a href=\"https:\/\/punamoon.ee\/en\/\">Home<\/a><\/li>\n<li class=\"page_item page-item-3901\"><a href=\"https:\/\/punamoon.ee\/en\/immigration-services\/\">IMMIGRATION SERVICES<\/a><\/li>\n<li class=\"page_item page-item-835\"><a href=\"https:\/\/punamoon.ee\/en\/legal-services\/\">Legal Services<\/a><\/li>\n<li class=\"page_item page-item-3948\"><a href=\"https:\/\/punamoon.ee\/en\/services-for-estonian-companies-running-their-business-in-finland\/\">SERVICES FOR ESTONIAN COMPANIES RUNNING THEIR BUSINESS IN FINLAND<\/a><\/li>\n<li class=\"page_item page-item-1812\"><a href=\"https:\/\/punamoon.ee\/en\/sitemap\/\">Sitemap<\/a><\/li>\n<\/ul>\n<h2 class=\"wsp-posts-title\">Posts by category<\/h2>\n<ul class=\"wsp-posts-list\">\n\t<li><strong class=\"wsp-category-title\">Category: <a href=\"https:\/\/punamoon.ee\/en\/category\/accounting-services\/\">Accounting Services<\/a><\/strong>\n<ul class=\"wsp-posts-list\">\t\t<li class=\"wsp-post\"><a href=\"https:\/\/punamoon.ee\/en\/accounting-services\/taxes-and-rates-business-in-estonia\/\">What\u2019s Changing for Estonian Businesses in 2026?<\/a><\/li>\n\t\t<li class=\"wsp-post\"><a href=\"https:\/\/punamoon.ee\/en\/accounting-services\/food-related-expenses-in-a-company-and-taxation-in-estonia\/\">Food-related expenses in a company and taxation in Estonia. Year 2026.<\/a><\/li>\n\t\t<li class=\"wsp-post\"><a href=\"https:\/\/punamoon.ee\/en\/accounting-services\/taxation-of-gifts-and-celebration-expenses-in-estonia\/\">Taxation of Gifts and Corporate Event Expenses in Estonia. Year 2026.<\/a><\/li>\n\t\t<li class=\"wsp-post\"><a href=\"https:\/\/punamoon.ee\/en\/accounting-services\/taxation-of-corporate-donations\/\">Taxation of corporate donations. Year 2026.<\/a><\/li>\n\t\t<li class=\"wsp-post\"><a href=\"https:\/\/punamoon.ee\/en\/accounting-services\/social-tax-in-estonia-punamoon-ou\/\">9 Facts About Social Tax In Estonia. Year 2026.<\/a><\/li>\n\t\t<li class=\"wsp-post\"><a href=\"https:\/\/punamoon.ee\/en\/corporate-services\/the-top-5-reasons-to-register-your-business-with-punamoon-ou\/\">The top 5 reasons to register your business with Punamoon \u00d5igusb\u00fcroo O\u00dc<\/a><\/li>\n<\/ul><\/li>\n\t<li><strong class=\"wsp-category-title\">Category: <a href=\"https:\/\/punamoon.ee\/en\/category\/corporate-services\/\">Corporate Services<\/a><\/strong>\n<\/li>\n\t<li><strong class=\"wsp-category-title\">Category: <a href=\"https:\/\/punamoon.ee\/en\/category\/legal-address-contact-person\/\">Legal Address and Contact Person Service<\/a><\/strong>\n<ul class=\"wsp-posts-list\">\t\t<li class=\"wsp-post\"><a href=\"https:\/\/punamoon.ee\/en\/legal-address-contact-person\/legal-address-and-contact-person-services-in-estonia\/\">Legal Address and Contact Person Services in Estonia<\/a><\/li>\n<\/ul><\/li>\n\t<li><strong class=\"wsp-category-title\">Category: <a href=\"https:\/\/punamoon.ee\/en\/category\/legal-services\/\">Legal Services<\/a><\/strong>\n<\/li>\n<\/ul>\n<h2 class=\"wsp-faqs-title\">Faqs<\/h2>\n<ul class=\"wsp-faqs-list\">\n<li><a href=\"https:\/\/punamoon.ee\/en\/faq-items\/how-to-bring-to-estonia-a-staff-from-outside-the-european-union\/\">How to bring to Estonia a staff from outside the European Union?<\/a><\/li>\n<li><a href=\"https:\/\/punamoon.ee\/en\/faq-items\/can-i-ignore-letters-from-the-statistics-department\/\">Can I ignore letters from the Statistics Department?<\/a><\/li>\n<li><a href=\"https:\/\/punamoon.ee\/en\/faq-items\/should-my-company-be-audited\/\">Should my company be audited?<\/a><\/li>\n<li><a href=\"https:\/\/punamoon.ee\/en\/faq-items\/do-i-need-to-submit-annual-statements-of-the-company-if-there-was-no-business-activity\/\">Do I need to submit annual statements of the company, if there was no business activity?<\/a><\/li>\n<li><a href=\"https:\/\/punamoon.ee\/en\/faq-items\/what-are-the-advantages-of-the-e-resident-status\/\">What are the advantages of the e-resident status?<\/a><\/li>\n<li><a href=\"https:\/\/punamoon.ee\/en\/faq-items\/how-to-sell-a-company-share-re-execute-the-company-ou-to-another-owner-can-this-be-done-with-an-id-card-is-a-personal-presence-of-the-owner-needed-is-the-spouses-consent-needed\/\">How to sell a company share \/ re-execute the company (O\u00dc) to another owner? Can this be done with an ID card? Is a personal presence of the owner needed? Is the spouse's consent needed?<\/a><\/li>\n<li><a href=\"https:\/\/punamoon.ee\/en\/faq-items\/how-to-get-vat-kmkr-number\/\">How to get VAT (KMKR) number?<\/a><\/li>\n<li><a href=\"https:\/\/punamoon.ee\/en\/faq-items\/how-should-the-non-resident-board-member-open-a-bank-account-for-their-estonian-company\/\">How should the non-resident board member open a bank account for their Estonian company?<\/a><\/li>\n<li><a href=\"https:\/\/punamoon.ee\/en\/faq-items\/do-i-need-an-activity-permit-for-my-company\/\">Do I need an activity permit for my company?<\/a><\/li>\n<li><a href=\"https:\/\/punamoon.ee\/en\/faq-items\/can-i-register-a-company-in-estonia-without-an-estonian-legal-address-and-without-a-contact-person-in-estonia\/\">Can I register a company in Estonia without an Estonian legal address and without a contact person in Estonia?<\/a><\/li>\n<li><a href=\"https:\/\/punamoon.ee\/en\/faq-items\/is-it-possible-to-register-a-company-ou-in-estonia-without-a-contribution-to-share-capital\/\">Is it possible to register a company (O\u00dc) in Estonia without a contribution to share capital?<\/a><\/li>\n<li><a href=\"https:\/\/punamoon.ee\/en\/faq-items\/how-to-register-a-company-private-limited-company-ou-in-estonia\/\">How to register a company (private limited company, O\u00dc) in Estonia?<\/a><\/li>\n<li><a href=\"https:\/\/punamoon.ee\/en\/faq-items\/what-business-form-should-i-choose\/\">What business form should I choose?<\/a><\/li>\n<li><a href=\"https:\/\/punamoon.ee\/en\/faq-items\/what-is-the-cost-of-accounting-services-in-estonia\/\">What is the cost of accounting services in Estonia?<\/a><\/li>\n<li><a href=\"https:\/\/punamoon.ee\/en\/faq-items\/what-are-the-rates-and-procedure-for-paying-the-sales-tax-in-estonia\/\">What are the rates and procedure for paying the value added tax in Estonia?<\/a><\/li>\n<li><a href=\"https:\/\/punamoon.ee\/en\/faq-items\/what-is-the-minimum-gross-wage-in-estonia\/\">What is the minimum gross wage in Estonia?<\/a><\/li>\n<li><a href=\"https:\/\/punamoon.ee\/en\/faq-items\/how-can-we-be-useful-to-you-in-working-with-the-staff-of-your-company\/\">How can we be useful to you in working with the staff of your company?<\/a><\/li>\n<li><a href=\"https:\/\/punamoon.ee\/en\/faq-items\/what-is-the-amount-of-tax-burden-on-wages-in-estonia\/\">What is the amount of tax burden on wages in Estonia?<\/a><\/li>\n<li><a href=\"https:\/\/punamoon.ee\/en\/faq-items\/how-is-income-and-dividend-taxation-of-the-company-executed\/\">How is income and dividend taxation of the company executed?<\/a><\/li>\n<\/ul>\n<h2 class=\"wsp-faq_categorys-title\">Faq Categories<\/h2>\n<ul class=\"wsp-faq_categorys-list\">\n<li><a href=\"https:\/\/punamoon.ee\/en\/faq_category\/faq-en\/\">FAQ<\/a><\/li>\n<\/ul>\n<\/div>\n","protected":false},"excerpt":{"rendered":"Pages About company Accounting Services Blog Contact Contact Person and Legal Address In Estonia Corporate Services FAQ Home IMMIGRATION SERVICES Legal Services SERVICES FOR ESTONIAN COMPANIES RUNNING THEIR BUSINESS IN FINLAND Sitemap Posts by category Category: Accounting Services What\u2019s Changing for Estonian Businesses in 2026? Food-related expenses in a company and taxation in Estonia. Year [...]","protected":false},"author":3,"featured_media":0,"parent":0,"menu_order":0,"comment_status":"closed","ping_status":"closed","template":"","meta":{"footnotes":""},"class_list":["post-1812","page","type-page","status-publish","placeholder-for-hentry"],"yoast_head":"<!-- This site is optimized with the Yoast SEO plugin v26.8 - https:\/\/yoast.com\/product\/yoast-seo-wordpress\/ -->\n<title>Sitemap - Punamoon O\u00dc<\/title>\n<meta name=\"description\" content=\"\u2714 Home \u2714 About Company \u2714 Accounting Service \u2714 Legal Service \u2714 Corporate Services \u2714 Company Registration in Estonia \u2714 FAQ \u2714 Blog \u2714 Contact\" \/>\n<meta name=\"robots\" content=\"index, follow, max-snippet:-1, max-image-preview:large, max-video-preview:-1\" \/>\n<link rel=\"canonical\" href=\"https:\/\/punamoon.ee\/en\/sitemap\/\" \/>\n<meta property=\"og:locale\" content=\"en_US\" \/>\n<meta property=\"og:type\" content=\"article\" \/>\n<meta property=\"og:title\" content=\"Sitemap - Punamoon O\u00dc\" \/>\n<meta property=\"og:description\" content=\"\u2714 Home \u2714 About Company \u2714 Accounting Service \u2714 Legal Service \u2714 Corporate Services \u2714 Company Registration in Estonia \u2714 FAQ \u2714 Blog \u2714 Contact\" \/>\n<meta property=\"og:url\" content=\"https:\/\/punamoon.ee\/en\/sitemap\/\" \/>\n<meta property=\"og:site_name\" content=\"PUNAMOON O\u00dc\" \/>\n<meta property=\"article:publisher\" content=\"https:\/\/www.facebook.com\/punamoon.ee\/\" \/>\n<meta property=\"article:modified_time\" content=\"2018-07-04T22:04:27+00:00\" \/>\n<meta name=\"twitter:card\" content=\"summary_large_image\" \/>\n<meta name=\"twitter:site\" content=\"@punamoon\" \/>\n<!-- \/ Yoast SEO plugin. -->","yoast_head_json":{"title":"Sitemap - Punamoon O\u00dc","description":"\u2714 Home \u2714 About Company \u2714 Accounting Service \u2714 Legal Service \u2714 Corporate Services \u2714 Company Registration in Estonia \u2714 FAQ \u2714 Blog \u2714 Contact","robots":{"index":"index","follow":"follow","max-snippet":"max-snippet:-1","max-image-preview":"max-image-preview:large","max-video-preview":"max-video-preview:-1"},"canonical":"https:\/\/punamoon.ee\/en\/sitemap\/","og_locale":"en_US","og_type":"article","og_title":"Sitemap - Punamoon O\u00dc","og_description":"\u2714 Home \u2714 About Company \u2714 Accounting Service \u2714 Legal Service \u2714 Corporate Services \u2714 Company Registration in Estonia \u2714 FAQ \u2714 Blog \u2714 Contact","og_url":"https:\/\/punamoon.ee\/en\/sitemap\/","og_site_name":"PUNAMOON O\u00dc","article_publisher":"https:\/\/www.facebook.com\/punamoon.ee\/","article_modified_time":"2018-07-04T22:04:27+00:00","twitter_card":"summary_large_image","twitter_site":"@punamoon","schema":{"@context":"https:\/\/schema.org","@graph":[{"@type":"WebPage","@id":"https:\/\/punamoon.ee\/en\/sitemap\/","url":"https:\/\/punamoon.ee\/en\/sitemap\/","name":"Sitemap - Punamoon O\u00dc","isPartOf":{"@id":"https:\/\/punamoon.ee\/#website"},"datePublished":"2018-03-05T11:01:18+00:00","dateModified":"2018-07-04T22:04:27+00:00","description":"\u2714 Home \u2714 About Company \u2714 Accounting Service \u2714 Legal Service \u2714 Corporate Services \u2714 Company Registration in Estonia \u2714 FAQ \u2714 Blog \u2714 Contact","breadcrumb":{"@id":"https:\/\/punamoon.ee\/en\/sitemap\/#breadcrumb"},"inLanguage":"en-US","potentialAction":[{"@type":"ReadAction","target":["https:\/\/punamoon.ee\/en\/sitemap\/"]}]},{"@type":"BreadcrumbList","@id":"https:\/\/punamoon.ee\/en\/sitemap\/#breadcrumb","itemListElement":[{"@type":"ListItem","position":1,"name":"\u0413\u043b\u0430\u0432\u043d\u0430\u044f \u0441\u0442\u0440\u0430\u043d\u0438\u0446\u0430","item":"https:\/\/punamoon.ee\/en\/"},{"@type":"ListItem","position":2,"name":"Sitemap"}]},{"@type":"WebSite","@id":"https:\/\/punamoon.ee\/#website","url":"https:\/\/punamoon.ee\/","name":"PUNAMOON O\u00dc","description":"Accounting service and not only","potentialAction":[{"@type":"SearchAction","target":{"@type":"EntryPoint","urlTemplate":"https:\/\/punamoon.ee\/?s={search_term_string}"},"query-input":{"@type":"PropertyValueSpecification","valueRequired":true,"valueName":"search_term_string"}}],"inLanguage":"en-US"}]}},"_links":{"self":[{"href":"https:\/\/punamoon.ee\/en\/wp-json\/wp\/v2\/pages\/1812","targetHints":{"allow":["GET"]}}],"collection":[{"href":"https:\/\/punamoon.ee\/en\/wp-json\/wp\/v2\/pages"}],"about":[{"href":"https:\/\/punamoon.ee\/en\/wp-json\/wp\/v2\/types\/page"}],"author":[{"embeddable":true,"href":"https:\/\/punamoon.ee\/en\/wp-json\/wp\/v2\/users\/3"}],"replies":[{"embeddable":true,"href":"https:\/\/punamoon.ee\/en\/wp-json\/wp\/v2\/comments?post=1812"}],"version-history":[{"count":1,"href":"https:\/\/punamoon.ee\/en\/wp-json\/wp\/v2\/pages\/1812\/revisions"}],"predecessor-version":[{"id":1813,"href":"https:\/\/punamoon.ee\/en\/wp-json\/wp\/v2\/pages\/1812\/revisions\/1813"}],"wp:attachment":[{"href":"https:\/\/punamoon.ee\/en\/wp-json\/wp\/v2\/media?parent=1812"}],"curies":[{"name":"wp","href":"https:\/\/api.w.org\/{rel}","templated":true}]}}