{"id":1814,"date":"2018-03-05T11:02:27","date_gmt":"2018-03-05T11:02:27","guid":{"rendered":"http:\/\/punamoon.ee\/?page_id=1814\/"},"modified":"2018-07-04T22:09:38","modified_gmt":"2018-07-04T22:09:38","slug":"saidi-kaart","status":"publish","type":"page","link":"https:\/\/punamoon.ee\/et\/saidi-kaart\/","title":{"rendered":"Saidi kaart"},"content":{"rendered":"<div class=\"wsp-container\"><h2 class=\"wsp-pages-title\">Pages<\/h2>\n<ul class=\"wsp-pages-list\">\n<li class=\"page_item page-item-1125\"><a href=\"https:\/\/punamoon.ee\/et\/blogi\/\">Blogi<\/a><\/li>\n<li class=\"page_item page-item-3885\"><a href=\"https:\/\/punamoon.ee\/et\/eesti-juriidilise-aadressi-ja-kontaktisiku-teenus\/\">Eesti juriidilise aadressi ja kontaktisiku teenus<\/a><\/li>\n<li class=\"page_item page-item-791\"><a href=\"https:\/\/punamoon.ee\/et\/\">ESILEHT<\/a><\/li>\n<li class=\"page_item page-item-797\"><a href=\"https:\/\/punamoon.ee\/et\/firmast\/\">Firmast<\/a><\/li>\n<li class=\"page_item page-item-949\"><a href=\"https:\/\/punamoon.ee\/et\/kkk\/\">KKK<\/a><\/li>\n<li class=\"page_item page-item-845\"><a href=\"https:\/\/punamoon.ee\/et\/kontakt\/\">Kontakt<\/a><\/li>\n<li class=\"page_item page-item-809\"><a href=\"https:\/\/punamoon.ee\/et\/korporatiivsed-teenused\/\">Korporatiivsed teenused<\/a><\/li>\n<li class=\"page_item page-item-3903\"><a href=\"https:\/\/punamoon.ee\/et\/migratsiooniteenused\/\">MIGRATSIOONITEENUSED<\/a><\/li>\n<li class=\"page_item page-item-836\"><a href=\"https:\/\/punamoon.ee\/et\/oigusalased-teenused\/\">\u00d5igusalased teenused<\/a><\/li>\n<li class=\"page_item page-item-820\"><a href=\"https:\/\/punamoon.ee\/et\/raamatupidamisteenused\/\">Raamatupidamisteenused<\/a><\/li>\n<li class=\"page_item page-item-1814\"><a href=\"https:\/\/punamoon.ee\/et\/saidi-kaart\/\">Saidi kaart<\/a><\/li>\n<li class=\"page_item page-item-3950\"><a href=\"https:\/\/punamoon.ee\/et\/teenused-eesti-ettevotetele-kes-tegutsevad-soomes\/\">TEENUSED EESTI ETTEV\u00d5TETELE, KES TEGUTSEVAD SOOMES<\/a><\/li>\n<\/ul>\n<h2 class=\"wsp-posts-title\">Posts by category<\/h2>\n<ul class=\"wsp-posts-list\">\n\t<li><strong class=\"wsp-category-title\">Category: <a href=\"https:\/\/punamoon.ee\/et\/category\/juriidilised-teenused\/\">Juriidilised teenused<\/a><\/strong>\n<ul class=\"wsp-posts-list\">\t\t<li class=\"wsp-post\"><a href=\"https:\/\/punamoon.ee\/et\/juriidilised-teenused\/juriidilise-aadressi-ja-kontaktisiku-teenus-eestis\/\">Juriidilise aadressi ja kontaktisiku teenus Eestis<\/a><\/li>\n\t\t<li class=\"wsp-post\"><a href=\"https:\/\/punamoon.ee\/et\/korporatiivsed-teenused\/ettevotjate-vead\/\">10 asja, mille vastu ettev\u00f5tjad dokumendihalduse ja raamatupidamise korraldamises sageli eksivad<\/a><\/li>\n<\/ul><\/li>\n\t<li><strong class=\"wsp-category-title\">Category: <a href=\"https:\/\/punamoon.ee\/et\/category\/korporatiivsed-teenused\/\">Korporatiivsed teenused<\/a><\/strong>\n<\/li>\n\t<li><strong class=\"wsp-category-title\">Category: <a href=\"https:\/\/punamoon.ee\/et\/category\/raamatupidamisteenused\/\">Raamatupidamisteenused<\/a><\/strong>\n<ul class=\"wsp-posts-list\">\t\t<li class=\"wsp-post\"><a href=\"https:\/\/punamoon.ee\/et\/raamatupidamisteenused\/2025-aasta-ettevotjatele-olulised-uuendused-ja-valjakutsed-eestis\/\">2026. aasta ettev\u00f5tjatele: olulised uuendused ja v\u00e4ljakutsed Eestis<\/a><\/li>\n\t\t<li class=\"wsp-post\"><a href=\"https:\/\/punamoon.ee\/et\/raamatupidamisteenused\/ettevottes-tehtavad-toidukulud-ja-maksud-eestis\/\">Ettev\u00f5ttes tehtavad toidukulud ja maksud Eestis. Aasta 2026.<\/a><\/li>\n\t\t<li class=\"wsp-post\"><a href=\"https:\/\/punamoon.ee\/et\/raamatupidamisteenused\/sotsiaalmaks-eestis-punamoon-ou\/\">9 fakti sotsiaalmaksust Eestis. Aasta 2026.<\/a><\/li>\n\t\t<li class=\"wsp-post\"><a href=\"https:\/\/punamoon.ee\/et\/raamatupidamisteenused\/kingituste-ja-pidudega-seotud-kulude-maksustamine-eestis\/\">Kingituste ja ettev\u00f5tte pidude kulude maksustamine Eestis. Aasta 2026.<\/a><\/li>\n\t\t<li class=\"wsp-post\"><a href=\"https:\/\/punamoon.ee\/et\/raamatupidamisteenused\/ettevotte-annetuste-maksustamine\/\">Ettev\u00f5tte annetuste maksustamine. Aasta 2026.<\/a><\/li>\n<\/ul><\/li>\n<\/ul>\n<h2 class=\"wsp-faqs-title\">Faqs<\/h2>\n<ul class=\"wsp-faqs-list\">\n<li><a href=\"https:\/\/punamoon.ee\/et\/faq-items\/kuidas-tuua-eestisse-spetsialist-riigist-mis-ei-kuulu-euroopa-liitu\/\">Kuidas tuua Eestisse spetsialist riigist, mis ei kuulu Euroopa Liitu?<\/a><\/li>\n<li><a href=\"https:\/\/punamoon.ee\/et\/faq-items\/kas-statistikaameti-kirju-voib-ignoreerida\/\">Kas Statistikaameti kirju v\u00f5ib ignoreerida?<\/a><\/li>\n<li><a href=\"https:\/\/punamoon.ee\/et\/faq-items\/kas-minu-firma-peab-labima-audiitorkontrolli\/\">Kas minu firma peab l\u00e4bima audiitorkontrolli?<\/a><\/li>\n<li><a href=\"https:\/\/punamoon.ee\/et\/faq-items\/kas-firma-aastaaruande-peab-esitama-kui-firmal-ei-ole-majandustegevust-toimunud\/\">Kas firma aastaaruande peab esitama, kui firmal ei ole majandustegevust toimunud?<\/a><\/li>\n<li><a href=\"https:\/\/punamoon.ee\/et\/faq-items\/milles-seisnevad-e-residendi-staatuse-eelised\/\">Milles seisnevad e-residendi staatuse eelised?<\/a><\/li>\n<li><a href=\"https:\/\/punamoon.ee\/et\/faq-items\/kuidas-muua-firma-osakut-vormistada-firma-ou-umber-teise-omaniku-nimele-kas-seda-saab-teha-id-kaardiga-kas-omanik-peab-isiklikult-juures-viibima-kas-abikaasa-nousolek-on-vajalik\/\">Kuidas m\u00fc\u00fca firma osakut \/ vormistada firma (O\u00dc) \u00fcmber teise omaniku nimele? Kas seda saab teha ID-kaardiga? Kas omanik peab isiklikult juures viibima? Kas abikaasa n\u00f5usolek on vajalik?<\/a><\/li>\n<li><a href=\"https:\/\/punamoon.ee\/et\/faq-items\/kak-poluchit-vat-kmkr-nomer\/\">Kuidas saada VAT (KMKR) number?<\/a><\/li>\n<li><a href=\"https:\/\/punamoon.ee\/et\/faq-items\/kuidas-saab-mitteresidendist-juhatuse-liige-avada-pangakonto-oma-eesti-ettevotte-jaoks\/\">Kuidas saab mitteresidendist juhatuse liige avada pangakonto oma Eesti ettev\u00f5tte jaoks?<\/a><\/li>\n<li><a href=\"https:\/\/punamoon.ee\/et\/faq-items\/kas-minu-firma-tegevuseks-on-vajalik-luba\/\">Kas minu firma tegevuseks on vajalik luba?<\/a><\/li>\n<li><a href=\"https:\/\/punamoon.ee\/et\/faq-items\/kas-eestis-saab-registreerida-firma-ilma-eesti-juriidilise-aadressita-ja-omamata-eestis-kontaktisikut\/\">Kas Eestis saab registreerida firma ilma Eesti juriidilise aadressita ja omamata Eestis kontaktisikut?<\/a><\/li>\n<li><a href=\"https:\/\/punamoon.ee\/et\/faq-items\/kas-eestis-saab-registreerida-firma-ou-ilma-osakapitali-sissemakseta\/\">Kas Eestis saab registreerida firma (O\u00dc) ilma osakapitali sissemakseta?<\/a><\/li>\n<li><a href=\"https:\/\/punamoon.ee\/et\/faq-items\/kuidas-registreerida-firma-osauhing-ou-eestis\/\">Kuidas registreerida firma (osa\u00fching, O\u00dc) Eestis?<\/a><\/li>\n<li><a href=\"https:\/\/punamoon.ee\/et\/faq-items\/millist-ettevotlusvormi-valida\/\">Millist ettev\u00f5tlusvormi valida?<\/a><\/li>\n<li><a href=\"https:\/\/punamoon.ee\/et\/faq-items\/kui-palju-maksavad-raamatupidamisteenused-eestis\/\">Kui palju maksavad raamatupidamisteenused Eestis?<\/a><\/li>\n<li><a href=\"https:\/\/punamoon.ee\/et\/faq-items\/millised-on-kaibemaksumaarad-ja-kaibemaksu-tasumise-kord-eestis\/\">Millised on k\u00e4ibemaksum\u00e4\u00e4rad ja k\u00e4ibemaksu tasumise kord Eestis?<\/a><\/li>\n<li><a href=\"https:\/\/punamoon.ee\/et\/faq-items\/kui-suur-on-brutopalga-alammaar-eestis\/\">Kui suur on brutopalga alamm\u00e4\u00e4r Eestis?<\/a><\/li>\n<li><a href=\"https:\/\/punamoon.ee\/et\/faq-items\/kuidas-me-saame-olla-teile-kasulik-teie-firma-tootajatega-koostood-tehes\/\">Kuidas me saame olla teile kasulik teie firma t\u00f6\u00f6tajatega koost\u00f6\u00f6d tehes?<\/a><\/li>\n<li><a href=\"https:\/\/punamoon.ee\/et\/faq-items\/kui-suur-on-eestis-maksukoormus-tootasule\/\">Kui suur on Eestis maksukoormus t\u00f6\u00f6tasule?<\/a><\/li>\n<li><a href=\"https:\/\/punamoon.ee\/et\/faq-items\/kuidas-toimub-ettevotte-kasumi-ja-dividendide-maksustamine\/\">Kuidas toimub ettev\u00f5tte kasumi ja dividendide maksustamine?<\/a><\/li>\n<\/ul>\n<h2 class=\"wsp-faq_categorys-title\">Faq Categories<\/h2>\n<ul class=\"wsp-faq_categorys-list\">\n<li><a href=\"https:\/\/punamoon.ee\/et\/faq_category\/faq-et\/\">FAQ - Korduma kippuvad k\u00fcsimused<\/a><\/li>\n<\/ul>\n<\/div>\n","protected":false},"excerpt":{"rendered":"Pages Blogi Eesti juriidilise aadressi ja kontaktisiku teenus ESILEHT Firmast KKK Kontakt Korporatiivsed teenused MIGRATSIOONITEENUSED \u00d5igusalased teenused Raamatupidamisteenused Saidi kaart TEENUSED EESTI ETTEV\u00d5TETELE, KES TEGUTSEVAD SOOMES Posts by category Category: Juriidilised teenused Juriidilise aadressi ja kontaktisiku teenus Eestis 10 asja, mille vastu ettev\u00f5tjad dokumendihalduse ja raamatupidamise korraldamises sageli eksivad Category: Korporatiivsed teenused Category: Raamatupidamisteenused 2026. [...]","protected":false},"author":3,"featured_media":0,"parent":0,"menu_order":0,"comment_status":"closed","ping_status":"closed","template":"","meta":{"footnotes":""},"class_list":["post-1814","page","type-page","status-publish","placeholder-for-hentry"],"yoast_head":"<!-- This site is optimized with the Yoast SEO plugin v26.8 - https:\/\/yoast.com\/product\/yoast-seo-wordpress\/ -->\n<title>Saidi kaart - Punamoon O\u00dc<\/title>\n<meta name=\"description\" content=\"\u2714 Esileht \u2714 Firmast \u2714 Raamatupidamisteenused \u2714 Juriidilised teenused \u2714 Firma asutamine \u2714 Migratsiooni teenused \u2714 KKK \u2714 Blogi \u2714 Kontakt\" \/>\n<meta name=\"robots\" content=\"index, follow, max-snippet:-1, max-image-preview:large, max-video-preview:-1\" \/>\n<link rel=\"canonical\" href=\"https:\/\/punamoon.ee\/et\/saidi-kaart\/\" \/>\n<meta property=\"og:locale\" content=\"et_EE\" \/>\n<meta property=\"og:type\" content=\"article\" \/>\n<meta property=\"og:title\" content=\"Saidi kaart - Punamoon O\u00dc\" \/>\n<meta property=\"og:description\" content=\"\u2714 Esileht \u2714 Firmast \u2714 Raamatupidamisteenused \u2714 Juriidilised teenused \u2714 Firma asutamine \u2714 Migratsiooni teenused \u2714 KKK \u2714 Blogi \u2714 Kontakt\" \/>\n<meta property=\"og:url\" content=\"https:\/\/punamoon.ee\/et\/saidi-kaart\/\" \/>\n<meta property=\"og:site_name\" content=\"PUNAMOON O\u00dc\" \/>\n<meta property=\"article:publisher\" content=\"https:\/\/www.facebook.com\/punamoon.ee\/\" \/>\n<meta property=\"article:modified_time\" content=\"2018-07-04T22:09:38+00:00\" \/>\n<meta name=\"twitter:card\" content=\"summary_large_image\" \/>\n<meta name=\"twitter:site\" content=\"@punamoon\" \/>\n<!-- \/ Yoast SEO plugin. -->","yoast_head_json":{"title":"Saidi kaart - Punamoon O\u00dc","description":"\u2714 Esileht \u2714 Firmast \u2714 Raamatupidamisteenused \u2714 Juriidilised teenused \u2714 Firma asutamine \u2714 Migratsiooni teenused \u2714 KKK \u2714 Blogi \u2714 Kontakt","robots":{"index":"index","follow":"follow","max-snippet":"max-snippet:-1","max-image-preview":"max-image-preview:large","max-video-preview":"max-video-preview:-1"},"canonical":"https:\/\/punamoon.ee\/et\/saidi-kaart\/","og_locale":"et_EE","og_type":"article","og_title":"Saidi kaart - Punamoon O\u00dc","og_description":"\u2714 Esileht \u2714 Firmast \u2714 Raamatupidamisteenused \u2714 Juriidilised teenused \u2714 Firma asutamine \u2714 Migratsiooni teenused \u2714 KKK \u2714 Blogi \u2714 Kontakt","og_url":"https:\/\/punamoon.ee\/et\/saidi-kaart\/","og_site_name":"PUNAMOON O\u00dc","article_publisher":"https:\/\/www.facebook.com\/punamoon.ee\/","article_modified_time":"2018-07-04T22:09:38+00:00","twitter_card":"summary_large_image","twitter_site":"@punamoon","schema":{"@context":"https:\/\/schema.org","@graph":[{"@type":"WebPage","@id":"https:\/\/punamoon.ee\/et\/saidi-kaart\/","url":"https:\/\/punamoon.ee\/et\/saidi-kaart\/","name":"Saidi kaart - Punamoon O\u00dc","isPartOf":{"@id":"https:\/\/punamoon.ee\/#website"},"datePublished":"2018-03-05T11:02:27+00:00","dateModified":"2018-07-04T22:09:38+00:00","description":"\u2714 Esileht \u2714 Firmast \u2714 Raamatupidamisteenused \u2714 Juriidilised teenused \u2714 Firma asutamine \u2714 Migratsiooni teenused \u2714 KKK \u2714 Blogi \u2714 Kontakt","breadcrumb":{"@id":"https:\/\/punamoon.ee\/et\/saidi-kaart\/#breadcrumb"},"inLanguage":"et-EE","potentialAction":[{"@type":"ReadAction","target":["https:\/\/punamoon.ee\/et\/saidi-kaart\/"]}]},{"@type":"BreadcrumbList","@id":"https:\/\/punamoon.ee\/et\/saidi-kaart\/#breadcrumb","itemListElement":[{"@type":"ListItem","position":1,"name":"\u0413\u043b\u0430\u0432\u043d\u0430\u044f \u0441\u0442\u0440\u0430\u043d\u0438\u0446\u0430","item":"https:\/\/punamoon.ee\/et\/"},{"@type":"ListItem","position":2,"name":"Saidi kaart"}]},{"@type":"WebSite","@id":"https:\/\/punamoon.ee\/#website","url":"https:\/\/punamoon.ee\/","name":"PUNAMOON O\u00dc","description":"Raamatupidamis-, audiitor- ning \u00f5igusalased teenused","potentialAction":[{"@type":"SearchAction","target":{"@type":"EntryPoint","urlTemplate":"https:\/\/punamoon.ee\/?s={search_term_string}"},"query-input":{"@type":"PropertyValueSpecification","valueRequired":true,"valueName":"search_term_string"}}],"inLanguage":"et-EE"}]}},"_links":{"self":[{"href":"https:\/\/punamoon.ee\/et\/wp-json\/wp\/v2\/pages\/1814","targetHints":{"allow":["GET"]}}],"collection":[{"href":"https:\/\/punamoon.ee\/et\/wp-json\/wp\/v2\/pages"}],"about":[{"href":"https:\/\/punamoon.ee\/et\/wp-json\/wp\/v2\/types\/page"}],"author":[{"embeddable":true,"href":"https:\/\/punamoon.ee\/et\/wp-json\/wp\/v2\/users\/3"}],"replies":[{"embeddable":true,"href":"https:\/\/punamoon.ee\/et\/wp-json\/wp\/v2\/comments?post=1814"}],"version-history":[{"count":1,"href":"https:\/\/punamoon.ee\/et\/wp-json\/wp\/v2\/pages\/1814\/revisions"}],"predecessor-version":[{"id":1815,"href":"https:\/\/punamoon.ee\/et\/wp-json\/wp\/v2\/pages\/1814\/revisions\/1815"}],"wp:attachment":[{"href":"https:\/\/punamoon.ee\/et\/wp-json\/wp\/v2\/media?parent=1814"}],"curies":[{"name":"wp","href":"https:\/\/api.w.org\/{rel}","templated":true}]}}